{"id":648,"date":"2015-11-23T16:00:51","date_gmt":"2015-11-23T16:00:51","guid":{"rendered":"http:\/\/cretanmansion.avatar.com.gr\/?page_id=648"},"modified":"2016-01-22T14:30:54","modified_gmt":"2016-01-22T14:30:54","slug":"%ce%b5%ce%bb%ce%bb%ce%b7%ce%bd%ce%b9%ce%ba%ce%ac-m%cf%80%ce%b1%cf%81-%ce%ba%ce%b1%ce%b9-%cf%84%cf%81%ce%b1%cf%80%ce%b5%ce%b6%ce%b1%cf%81%ce%af%ce%b1","status":"publish","type":"page","link":"https:\/\/cretanmansion.com\/pl\/%ce%b5%ce%bb%ce%bb%ce%b7%ce%bd%ce%b9%ce%ba%ce%ac-m%cf%80%ce%b1%cf%81-%ce%ba%ce%b1%ce%b9-%cf%84%cf%81%ce%b1%cf%80%ce%b5%ce%b6%ce%b1%cf%81%ce%af%ce%b1\/","title":{"rendered":"Nasza miejscowo\u015b\u0107"},"content":{"rendered":"<div class=\"row-fluid\">\n<div id=\"homeside\" class=\"span2\"><\/div>\n<div class=\"span8 skewed\">\n<div class=\"unskewed\">\n<h4>Nasza miejscowo\u015b\u0107<\/h4>\n<p>Dramia jest ma\u0142\u0105, spokojn\u0105, miejscowo\u015bci\u0105 250 mieszka\u0144c\u00f3w, kt\u00f3ra administracyjnie nale\u017cy do gminy Vamos. Pozycja i orientacja s\u0105 idealne. Po\u0142o\u017cona w\u015br\u00f3d gaj\u00f3w oliwkowych i nad r\u00f3wninami Kournas. Ma otwarty amfiteatr z widokiem na morze, ale i na wysokie szczyty Bia\u0142ych G\u00f3r. Zbudowana na wzg\u00f3rzu Kefalas po\u0142o\u017conym 500 metr\u00f3w od pla\u017cy Georgioupolis, najd\u0142u\u017cszej pla\u017cy piaszczystej p\u00f3\u0142nocnej Krety.<br \/>\nStale zamieszkana od czas\u00f3w staro\u017cytnych a\u017c do dzisiaj, czyli co najmniej 3000 lat.<br \/>\nW miejscu obecnym w czasach staro\u017cytnych by\u0142o tu miasto Hydramia. By\u0142 to staro\u017cytny port s\u0105siedniego miasta Lappa, dzi\u015b Argyroupolis.<br \/>\nOdkopano tu rzymskie ruiny, sanktuarium i statu\u0119 nagiego Herculesa 0,90 m przechowywan\u0105 w Muzeum Archeologicznym. Wed\u0142ug mieszka\u0144c\u00f3w cz\u0119\u015bci staro\u017cytnego miasta i portu s\u0105 zatopione w morzu naprzeciwko pla\u017cy hoteli.<br \/>\nNasza miejscowo\u015b\u0107 jest baz\u0105 wypadow\u0105 do odkrywania tras w s\u0105siednich regionach o wielkich atrakcjach turystycznych. Jest st\u0105d tylko 18 km od malowniczego Rethymno, 43 km od kosmopolitycznej Chania, tylko 2 km od jedynego naturalnego jeziora w basenie Morza \u015ar\u00f3dziemnego, Kournas. Po\u0142o\u017cona w odleg\u0142o\u015bci 5 km od Georgioupolis, zaledwie 1 km od Kavros -turystycznych miejscowo\u015bci, gdzie mo\u017cna znale\u017a\u0107 wiele restauracji, kawiarni, bar\u00f3w, supermarket\u00f3w i sklep\u00f3w turystycznych.<br \/>\nNaszej pla\u017cy s\u0105 przyznawane przez Uni\u0119 Europejsk\u0105 w spos\u00f3b ci\u0105g\u0142y od 1992 a\u017c do dzi\u015b niebieskie flagi. Cz\u0119ste autobusy \u0142\u0105cz\u0105 Dramia z Chania, Rethymnon i Heraklion. Lotnisko Chania : 50 km, i Heraklion 100 km.<br \/>\nW promieniu 30-50 km, mo\u017cna zwiedzi\u0107 unikalny Vamos oraz malownicz\u0105 i zielon\u0105 okolic\u0119 miejscowo\u015bci Vrisses. Mo\u017cna sp\u0119dzi\u0107 dzie\u0144 na p\u00f3\u0142wyspie Akrotiri z mn\u00f3stwem pla\u017c i historycznych klasztor\u00f3w s\u0142ynnych z architektury bizantyjskiej i ikonografii. Unikalny w\u0105w\u00f3z Samaria stanie si\u0119 dla Pa\u0144stwa niezapomnianym do\u015bwiadczeniem. Tylko p\u00f3\u0142 godziny drogi od pla\u017c po\u0142udniowej cz\u0119\u015bci Krety nad Morzem Libijskim : Rodakino, Plakias, Amoudi, Agios Pavlos. Prosz\u0119 odwiedzi\u0107 klasztor Preveli otoczony unikalnym lasem drzew palmowych. Alternatywnie mo\u017cna odwiedzi\u0107 Frangokastello lub historyczne Sfakia, a stamt\u0105d statkiem do Loutro i Agia Rumeli. Ze Sfakia mo\u017cna pop\u0142yn\u0105\u0107 statkiem na wysp\u0119 Gavdos, najdalej na po\u0142udnie wysuni\u0119tego punktu Europy. Ca\u0142a Kreta zreszt\u0105 znajduje si\u0119 dalej na po\u0142udniu od Tangeru, Algieru i Tunisu.\n<\/p><\/div>\n<\/div>\n<div id=\"homeside\" class=\"span2\"><\/div>\n<\/div>\n<p><!-- .row-fluid --><\/p>","protected":false},"excerpt":{"rendered":"<p>Nasza miejscowo\u015b\u0107 Dramia jest ma\u0142\u0105, spokojn\u0105, miejscowo\u015bci\u0105 250 mieszka\u0144c\u00f3w, kt\u00f3ra administracyjnie nale\u017cy do gminy Vamos. Pozycja i orientacja s\u0105 idealne. Po\u0142o\u017cona w\u015br\u00f3d gaj\u00f3w oliwkowych i nad r\u00f3wninami Kournas. Ma otwarty amfiteatr z widokiem na morze, ale i na wysokie szczyty Bia\u0142ych G\u00f3r. Zbudowana na wzg\u00f3rzu Kefalas po\u0142o\u017conym 500 metr\u00f3w od pla\u017cy Georgioupolis, najd\u0142u\u017cszej pla\u017cy piaszczystej [&hellip;]<\/p>\n","protected":false},"author":2,"featured_media":0,"parent":0,"menu_order":0,"comment_status":"closed","ping_status":"closed","template":"full-width.php","meta":[],"_links":{"self":[{"href":"https:\/\/cretanmansion.com\/pl\/wp-json\/wp\/v2\/pages\/648"}],"collection":[{"href":"https:\/\/cretanmansion.com\/pl\/wp-json\/wp\/v2\/pages"}],"about":[{"href":"https:\/\/cretanmansion.com\/pl\/wp-json\/wp\/v2\/types\/page"}],"author":[{"embeddable":true,"href":"https:\/\/cretanmansion.com\/pl\/wp-json\/wp\/v2\/users\/2"}],"replies":[{"embeddable":true,"href":"https:\/\/cretanmansion.com\/pl\/wp-json\/wp\/v2\/comments?post=648"}],"version-history":[{"count":6,"href":"https:\/\/cretanmansion.com\/pl\/wp-json\/wp\/v2\/pages\/648\/revisions"}],"predecessor-version":[{"id":854,"href":"https:\/\/cretanmansion.com\/pl\/wp-json\/wp\/v2\/pages\/648\/revisions\/854"}],"wp:attachment":[{"href":"https:\/\/cretanmansion.com\/pl\/wp-json\/wp\/v2\/media?parent=648"}],"curies":[{"name":"wp","href":"https:\/\/api.w.org\/{rel}","templated":true}]}}