{"id":341,"date":"2015-03-09T15:20:22","date_gmt":"2015-03-09T15:20:22","guid":{"rendered":"http:\/\/cretanmansion.avatar.com.gr\/?page_id=341"},"modified":"2016-11-16T18:09:22","modified_gmt":"2016-11-16T18:09:22","slug":"location-directions","status":"publish","type":"page","link":"https:\/\/cretanmansion.com\/pl\/location-directions\/","title":{"rendered":"Po\u0142o\u017cenie i kierunki"},"content":{"rendered":"<div class=\"row-fluid\">\n<div id=\"homeside\" class=\"span3\"><\/div>\n<div id=\"homecenter\" class=\"span8 skewed\">\n<div class=\"unskewed\">\n<h4>Po\u0142o\u017cenie i kierunki<\/h4>\n<p>Istniej\u0105 dwa sposoby dotarcia na Kret\u0119:<\/p>\n<p>Statkiem: Z portu w Pireusie, codzienne rejsy do Souda Chanii lub do Heraklion<\/p>\n<p>SAMOLOTEM: dwa mi\u0119dzynarodowe lotniska na wyspie: w Chanii i w Heraklion.<\/p>\n<p>ODLEG\u0141O\u015aCI  Chania Lotnisko: 50 km (45 min samochodem do Dramia).<\/p>\n<p>Port Souda Chania: 25 km (20min. do Dramia).<\/p>\n<p>Heraklion port lub lotnisko: 100 km (70 min. do Dramia).<br \/>\nJAK DOJECHA\u00ad\u0106<\/p>\n<p>Parametry GPS: szukaj Dramia lub Dramia Georgioupolis lub GPS (35 \u00ba 20 \u201937 \u201ci 24 \u00ba 18\u2032 41\u2033), a potem u\u017cyj nast\u0119puj\u0105cej mapy, aby dotrze\u0107 do Creta Mansion.<br \/>\nZ lotniska Chanii lub z portu Souda:<\/p>\n<p>Kieruj si\u0119 zgodnie ze znakami na autostrad\u0119 w kierunku Rethymno. Po dojechaniu do Georgioupoli nale\u017cy zmniejszy\u0107 pr\u0119dko\u015b\u0107. Po 5 km dotrzemy do wioski turystycznej Kavros. Kieruj si\u0119 znakami drogi prowadz\u0105cej do Dramia. Skr\u0119\u0107 w prawo tu\u017c przed stacj\u0105 benzynow\u0105 BP. Jed\u017a do pierwszego skrzy\u017cowania i skr\u0119\u0107 na lewo kieruj\u0105c si\u0119 do Dramia. Po 1 km dotrzesz do celu.<br \/>\nZ lotniska lub z portu Heraklion:<\/p>\n<p>Kieruj si\u0119 zgodnie ze znakami na autostrad\u0119 w kierunku Rethymno \u2013 Chania. Przeje\u017cd\u017camy obok Rethymno. Po zje\u017adzie Episkopi, nale\u017cy zmniejszy\u0107 pr\u0119dko\u015b\u0107. 4 km p\u00f3\u017aniej, po prawej stronie, zobaczysz znak ko\u0144ca prefektury Rethymno. 2 km p\u00f3\u017aniej docieramy do turystycznego Kavros. Prosz\u0119 skr\u0119ci\u0107 bardzo ostro\u017cnie na lewo stacji benzynowej BP. Jed\u017a do pierwszego skrzy\u017cowania i skr\u0119\u0107 na lewo, kieruj\u0105c si\u0119 do Dramia. Po 1 km dotrzemy do celu.<\/p>\n<p>&nbsp;<\/p>\n<p>&nbsp;<\/p>\n<div class=\"span6\">Google Maps Wsp\u00f3\u0142rz\u0119dne<br \/>\nSzeroko\u015b\u0107 : 35.343878<br \/>\nD\u0142ugo\u015b\u0107 geograficzna : 24.311329<\/p>\n<p>GPS Wsp\u00f3\u0142rz\u0119dne<br \/>\nSzeroko\u015b\u0107 : N 35 20.633<br \/>\nD\u0142ugo\u015b\u0107 geograficzna : E 24 18.680<\/p><\/div>\n<div class=\"span6\" style=\"float: right; margin: 0; text-align: right;\"><a href=\"https:\/\/www.google.com\/maps\/place\/Cretan+Mansion\/@35.342972,24.2922754,14z\/data=!4m2!3m1!1s0x0000000000000000:0xa12e98cc6dcc0b59?hl=pl\" target=\"_blank\"><img loading=\"lazy\" class=\"alignnone size-full wp-image-371\" src=\"http:\/\/cretanmansion.avatar.com.gr\/images\/Google-Maps-icon.png\" alt=\"Google-Maps-icon\" width=\"100\" height=\"100\" \/><\/a><\/div>\n<\/div>\n<\/div>\n<div id=\"homeside\" class=\"span3\"><\/div>\n<\/div>\n<p><!-- .row-fluid -->","protected":false},"excerpt":{"rendered":"<p>Po\u0142o\u017cenie i kierunki Istniej\u0105 dwa sposoby dotarcia na Kret\u0119: Statkiem: Z portu w Pireusie, codzienne rejsy do Souda Chanii lub do Heraklion SAMOLOTEM: dwa mi\u0119dzynarodowe lotniska na wyspie: w Chanii i w Heraklion. ODLEG\u0141O\u015aCI Chania Lotnisko: 50 km (45 min samochodem do Dramia). Port Souda Chania: 25 km (20min. do Dramia). Heraklion port lub lotnisko: [&hellip;]<\/p>\n","protected":false},"author":2,"featured_media":0,"parent":0,"menu_order":0,"comment_status":"closed","ping_status":"open","template":"full-width.php","meta":[],"_links":{"self":[{"href":"https:\/\/cretanmansion.com\/pl\/wp-json\/wp\/v2\/pages\/341"}],"collection":[{"href":"https:\/\/cretanmansion.com\/pl\/wp-json\/wp\/v2\/pages"}],"about":[{"href":"https:\/\/cretanmansion.com\/pl\/wp-json\/wp\/v2\/types\/page"}],"author":[{"embeddable":true,"href":"https:\/\/cretanmansion.com\/pl\/wp-json\/wp\/v2\/users\/2"}],"replies":[{"embeddable":true,"href":"https:\/\/cretanmansion.com\/pl\/wp-json\/wp\/v2\/comments?post=341"}],"version-history":[{"count":53,"href":"https:\/\/cretanmansion.com\/pl\/wp-json\/wp\/v2\/pages\/341\/revisions"}],"predecessor-version":[{"id":1031,"href":"https:\/\/cretanmansion.com\/pl\/wp-json\/wp\/v2\/pages\/341\/revisions\/1031"}],"wp:attachment":[{"href":"https:\/\/cretanmansion.com\/pl\/wp-json\/wp\/v2\/media?parent=341"}],"curies":[{"name":"wp","href":"https:\/\/api.w.org\/{rel}","templated":true}]}}