{"id":1019,"date":"2016-11-16T15:36:49","date_gmt":"2016-11-16T15:36:49","guid":{"rendered":"http:\/\/cretanmansion.com\/?page_id=1019"},"modified":"2017-05-26T21:42:39","modified_gmt":"2017-05-26T21:42:39","slug":"welcome","status":"publish","type":"page","link":"https:\/\/cretanmansion.com\/pl\/welcome\/","title":{"rendered":"Powitanie"},"content":{"rendered":"<div class=\"row-fluid\">\n<div id=\"homeside\" class=\"span2\"><\/div>\n<div id=\"homecenter\" class=\"span8 skewed\">\n<div class=\"unskewed\">\n<h4>Witamy w Cretan Mansion<\/h4>\n<p>Cretan Mansion to nowoczesna 5 pokojowa willa. Po\u0142o\u017cona w miejscowo\u015bci Dramia Apokoronas, w pobli\u017cu turystycznego Kavros, tylko pi\u0119\u0107set metr\u00f3w od piaszczystej pla\u017cy Georgioupolis \u2013 Episkopi, u podn\u00f3\u017ca Bia\u0142ych G\u00f3r w p\u00f3\u0142nocno-wschodniej cz\u0119\u015bci prefekury Chanii.<\/p>\n<p>Zosta\u0142a zbudowana w 2006 z prostym nowoczesnym wzornictwem. Pokoje s\u0105 proste i funkcjonalnie urz\u0105dzone. Pi\u0119\u0107 w pe\u0142ni wyposa\u017conych i przestronnych pokoi \u2013 ka\u017cdy z prywatn\u0105 \u0142azienk\u0105. Salony, jadalnie, kuchnie s\u0105 wyposa\u017cone we wszystko niezb\u0119dne do komfortowego wypoczynku.<\/p>\n<p>Ogrody s\u0105 otoczone ogrodzeniami kamiennymi i pe\u0142ne kwiat\u00f3w, drzew owocowych i bia\u0142ych oleander\u00f3w. K\u0105piel w prywatnym basenie. Zapraszamy na kaw\u0119 lub drinka w jednym z taras\u00f3w naszej rezydencji z widokiem na Bia\u0142e G\u00f3ry i piaszczyst\u0105 pla\u017c\u0119 Georgioupolis.Wpatruj\u0105c si\u0119 w dolin\u0119 pe\u0142n\u0105 drzew oliwnych, zapach rozmarynu, lawendy i mi\u0119ty pieprzowej pozwol\u0105 na odpr\u0119\u017cenie i sen o smaku naturalnego zapachu ziemi na Krecie.<\/p>\n<\/div>\n<\/div>\n<div id=\"homeside\" class=\"span2\"><\/div>\n<\/div>\n<p><!-- .row-fluid -->","protected":false},"excerpt":{"rendered":"<p>Witamy w Cretan Mansion Cretan Mansion to nowoczesna 5 pokojowa willa. Po\u0142o\u017cona w miejscowo\u015bci Dramia Apokoronas, w pobli\u017cu turystycznego Kavros, tylko pi\u0119\u0107set metr\u00f3w od piaszczystej pla\u017cy Georgioupolis \u2013 Episkopi, u podn\u00f3\u017ca Bia\u0142ych G\u00f3r w p\u00f3\u0142nocno-wschodniej cz\u0119\u015bci prefekury Chanii. Zosta\u0142a zbudowana w 2006 z prostym nowoczesnym wzornictwem. Pokoje s\u0105 proste i funkcjonalnie urz\u0105dzone. Pi\u0119\u0107 w pe\u0142ni [&hellip;]<\/p>\n","protected":false},"author":2,"featured_media":0,"parent":0,"menu_order":0,"comment_status":"closed","ping_status":"closed","template":"full-width.php","meta":[],"_links":{"self":[{"href":"https:\/\/cretanmansion.com\/pl\/wp-json\/wp\/v2\/pages\/1019"}],"collection":[{"href":"https:\/\/cretanmansion.com\/pl\/wp-json\/wp\/v2\/pages"}],"about":[{"href":"https:\/\/cretanmansion.com\/pl\/wp-json\/wp\/v2\/types\/page"}],"author":[{"embeddable":true,"href":"https:\/\/cretanmansion.com\/pl\/wp-json\/wp\/v2\/users\/2"}],"replies":[{"embeddable":true,"href":"https:\/\/cretanmansion.com\/pl\/wp-json\/wp\/v2\/comments?post=1019"}],"version-history":[{"count":7,"href":"https:\/\/cretanmansion.com\/pl\/wp-json\/wp\/v2\/pages\/1019\/revisions"}],"predecessor-version":[{"id":1026,"href":"https:\/\/cretanmansion.com\/pl\/wp-json\/wp\/v2\/pages\/1019\/revisions\/1026"}],"wp:attachment":[{"href":"https:\/\/cretanmansion.com\/pl\/wp-json\/wp\/v2\/media?parent=1019"}],"curies":[{"name":"wp","href":"https:\/\/api.w.org\/{rel}","templated":true}]}}