{"id":648,"date":"2015-11-23T16:00:51","date_gmt":"2015-11-23T16:00:51","guid":{"rendered":"http:\/\/cretanmansion.avatar.com.gr\/?page_id=648"},"modified":"2016-01-22T14:30:54","modified_gmt":"2016-01-22T14:30:54","slug":"%ce%b5%ce%bb%ce%bb%ce%b7%ce%bd%ce%b9%ce%ba%ce%ac-m%cf%80%ce%b1%cf%81-%ce%ba%ce%b1%ce%b9-%cf%84%cf%81%ce%b1%cf%80%ce%b5%ce%b6%ce%b1%cf%81%ce%af%ce%b1","status":"publish","type":"page","link":"https:\/\/cretanmansion.com\/fr\/%ce%b5%ce%bb%ce%bb%ce%b7%ce%bd%ce%b9%ce%ba%ce%ac-m%cf%80%ce%b1%cf%81-%ce%ba%ce%b1%ce%b9-%cf%84%cf%81%ce%b1%cf%80%ce%b5%ce%b6%ce%b1%cf%81%ce%af%ce%b1\/","title":{"rendered":"Notre village"},"content":{"rendered":"<div class=\"row-fluid\">\n<div id=\"homeside\" class=\"span2\"><\/div>\n<div class=\"span8 skewed\">\n<div class=\"unskewed\">\n<h4>Notre village<\/h4>\n<p>Notre village, Dramia, aujourd\u2019hui est un petit village calme et r\u00e9sidentiel de 250 habitants, qui appartient administrativement \u00e0 la municipalit\u00e9 d\u2019Apokorona.<br \/>\nLa position et l\u2019orientation du village est id\u00e9al.<br \/>\nSitu\u00e9 parmi les oliviers et sur \u200b\u200bles plaines de Kournas.<br \/>\nIl a une vue panoramique et ouverte sur la mer et en m\u00eame temps sur les hauts sommets des Lefka Ori. Il est situ\u00e9 dans la colline Kefalas \u00e0 seulement 500 m\u00e8tres de la plage de Georgioupolis \u2013 Episkopis, la plus longue plage de sable fin du nord de la Cr\u00e8te.<br \/>\nContinuellement habit\u00e9e depuis les temps anciens jusqu\u2019\u00e0 aujourd\u2019hui, c\u2019est<br \/>\n\u00e0 dire au moins 3000 ans.<\/p>\n<p>\u00c0 la place ou se trouve aujourd\u2019hui le village Dramia, dans l\u2019antiquit\u00e9 \u00e9tait l\u2019ancienne ville Ydramia. Il a \u00e9t\u00e9 le port de l\u2019ancienne ville voisine Lappa, laquelle aujourd\u2019hui s\u2019appelle Argyroupolis.<\/p>\n<p>Au village ont \u00e9t\u00e9 trouv\u00e9s des tessons romains, un sanctuaire et une statue de Hercule nu 0,90 m lequel est conserv\u00e9 dans le Mus\u00e9e Arch\u00e9ologique de la Can\u00e9e. Selon les rapports des habitants une partie de l\u2019ancienne ville et le port<br \/>\nsont coul\u00e9s devant les h\u00f4tels situ\u00e9s \u00e0 la plage du village.<\/p>\n<p>Notre village est id\u00e9alement situ\u00e9 pour explorer des sentiers et des r\u00e9gions voisines  de grand int\u00e9r\u00eat touristique. Il est \u00e0 seulement 18 km de pittoresque R\u00e9thymnon, 43 km de la Can\u00e9e cosmopolite, est \u00e0 c\u00f4t\u00e9 du lac naturel, unique en M\u00e9diterran\u00e9e et en Cr\u00e8te, le lac de Kournas. Situ\u00e9 \u00e0 5 km de la ville touristique de Georgioupolis, \u00e0 seulement 1 km du village aussi touristique  du Kavros o\u00f9 vous trouverez de nombreux restaurants, caf\u00e9s,<br \/>\nbars, supermarch\u00e9s et boutiques touristiques. Les drapeaux bleus sont attribu\u00e9s par l\u2019Union europ\u00e9enne en permanence, depuis 1992 jusqu\u2019\u00e0 aujourd\u2019hui, pour les plages.<\/p>\n<p>Depuis Dramia vous pouvez facilement acc\u00e9der les villes de la Can\u00e9e, de R\u00e9thymnon et de H\u00e9raklion gr\u00e2ce \u00e0 des connections de bus tr\u00e8s fr\u00e9quentes. L\u2019a\u00e9roport de la  Can\u00e9e est situ\u00e9 \u00e0 50 km, et  celui d\u2019H\u00e9raklion  \u00e0 100 km du village.<br \/>\nDans un rayon de 30-50 kilom\u00e8tres, vous pourrez explorer l\u2019Apokorona  ou se trouve  l\u2019unique pittoresque village de Vamos  ainsi que le village Vrises  connue pour sa  v\u00e9g\u00e9tation luxuriante. Vous pouvez passer votre journ\u00e9e sur la p\u00e9ninsule d\u2019Akrotiri avec ses nombreuses plages et  ses monast\u00e8res historiques, fameux  pour l\u2019architecture byzantine c\u00e9l\u00e8bre et l\u2019iconographie. Vivre l\u2019exp\u00e9rience de se promener dans les gorges de Samaria.<\/p>\n<p>Dramia est juste \u00e0 une demi-heure des plages du sud de la Cr\u00e8te et de la mer de Libye: Rodakino, Plakias, Amoudi, Agios Pavlos (Saint-Paul).<br \/>\nVisite du monast\u00e8re de Preveli avec l\u2019unique for\u00eat de palmiers. Sinon, vous pouvez aller \u00e0 Frangokastello ou \u00e0 Sfakia historiques, et de l\u00e0 partir en bateau pour Loutro et Agia Roumeli. De Sfakia vous pouvez aller en bateau \u00e0 Gavdos, la petite \u00eele voisine o\u00f9 c\u2019est le point le plus m\u00e9ridional de l\u2019Europe. Quoi qu\u2019il en soit, l\u2019ensemble de la Cr\u00e8te est situ\u00e9e plus au sud de Tanger, d\u2019Alger et de Tunis.\n<\/p><\/div>\n<\/div>\n<div id=\"homeside\" class=\"span2\"><\/div>\n<\/div>\n<p><!-- .row-fluid --><\/p>","protected":false},"excerpt":{"rendered":"<p>Notre village Notre village, Dramia, aujourd\u2019hui est un petit village calme et r\u00e9sidentiel de 250 habitants, qui appartient administrativement \u00e0 la municipalit\u00e9 d\u2019Apokorona. La position et l\u2019orientation du village est id\u00e9al. Situ\u00e9 parmi les oliviers et sur \u200b\u200bles plaines de Kournas. Il a une vue panoramique et ouverte sur la mer et en m\u00eame temps [&hellip;]<\/p>\n","protected":false},"author":2,"featured_media":0,"parent":0,"menu_order":0,"comment_status":"closed","ping_status":"closed","template":"full-width.php","meta":[],"_links":{"self":[{"href":"https:\/\/cretanmansion.com\/fr\/wp-json\/wp\/v2\/pages\/648"}],"collection":[{"href":"https:\/\/cretanmansion.com\/fr\/wp-json\/wp\/v2\/pages"}],"about":[{"href":"https:\/\/cretanmansion.com\/fr\/wp-json\/wp\/v2\/types\/page"}],"author":[{"embeddable":true,"href":"https:\/\/cretanmansion.com\/fr\/wp-json\/wp\/v2\/users\/2"}],"replies":[{"embeddable":true,"href":"https:\/\/cretanmansion.com\/fr\/wp-json\/wp\/v2\/comments?post=648"}],"version-history":[{"count":6,"href":"https:\/\/cretanmansion.com\/fr\/wp-json\/wp\/v2\/pages\/648\/revisions"}],"predecessor-version":[{"id":854,"href":"https:\/\/cretanmansion.com\/fr\/wp-json\/wp\/v2\/pages\/648\/revisions\/854"}],"wp:attachment":[{"href":"https:\/\/cretanmansion.com\/fr\/wp-json\/wp\/v2\/media?parent=648"}],"curies":[{"name":"wp","href":"https:\/\/api.w.org\/{rel}","templated":true}]}}