{"id":341,"date":"2015-03-09T15:20:22","date_gmt":"2015-03-09T15:20:22","guid":{"rendered":"http:\/\/cretanmansion.avatar.com.gr\/?page_id=341"},"modified":"2016-11-16T18:09:22","modified_gmt":"2016-11-16T18:09:22","slug":"location-directions","status":"publish","type":"page","link":"https:\/\/cretanmansion.com\/fr\/location-directions\/","title":{"rendered":"Localisation et itin\u00e9raire"},"content":{"rendered":"<div class=\"row-fluid\">\n<div id=\"homeside\" class=\"span3\"><\/div>\n<div id=\"homecenter\" class=\"span8 skewed\">\n<div class=\"unskewed\">\n<h4>Localisation et itin\u00e9raire<\/h4>\n<p>Il y a deux fa\u00e7ons d\u2019atteindre l\u2019\u00eele de Cr\u00e8te::<\/p>\n<p>EN BATEAU: Du port du Pir\u00e9e : d\u00e9parts quotidiens vers Souda port de La Can\u00e9e ou vers le port d\u2019H\u00e9raklion.<\/p>\n<p>EN AVION: Il y a deux a\u00e9roports internationaux sur l\u2019\u00eele: \u00e0 La Can\u00e9e et \u00e0 H\u00e9raklion.<\/p>\n<p>DISTANCES A\u00e9roport de La Can\u00e9e: 50 km (45 min en voiture jusqu\u2019au village Dramia)<br \/>\nSouda port de La Can\u00e9e: 25 km (20 min en voiture jusqu\u2019au village Dramia)<br \/>\nH\u00e9raklion Port ou A\u00e9roport: 100 km (70 min en voiture jusqu\u2019au village Dramia)<br \/>\nITIN\u00c9RAIRE Pour l\u2019utilisation du GPS: recherchez  avec  \u00ab Dramia \u00bb ou \u00ab Dramia Georgioupolis \u00bb et suivez vos instructions GPS (35 \u00ba 20 \u201937 \u201c&#038; 24 \u00ba 18\u2032 41\u2033), puis utiliser la carte ci-dessous pour arriver au Manoir cr\u00e9tois.<\/p>\n<p>De l\u2019a\u00e9roport de la Can\u00e9e ou depuis le port de Souda:Suivez les indications pour l\u2019autoroute en direction de R\u00e9thymnon. Prenez l\u2019autoroute. En arrivant \u00e0 la sortie de Georgioupoli, diminuer votre vitesse. Apr\u00e8s 5 km, vous atteindrez le village touristique de Kavros. Suivez les panneaux de signalisation routi\u00e8re menant dans le village de Dramia. Tournez \u00e0 droite juste avant la station essence BP. Vous continuez  jusqu\u2019au premier carrefour, puis tournez \u00e0 gauche en direction de Dramia. Apr\u00e8s 1 km 1 vous atteindrez votre destination<\/p>\n<p>De l\u2019a\u00e9roport ou depuis le port d\u2019H\u00e9raklion: Suivez les indications pour l\u2019autoroute en direction de R\u00e9thymnon \u2013 La Can\u00e9e. Prenez l\u2019autoroute. Vous passez   c\u00f4t\u00e9 la ville de R\u00e9thymnon  sans quitter l\u2019autoroute et vous  continuez, en direction de La Can\u00e9e. Apr\u00e8s la sortie d\u2019Episkopi, diminuez votre vitesse. 4 km plus loin, sur votre droite, vous verrez un panneau marquant la fin de R\u00e9thymnon pr\u00e9fecture. 2 km plus tard, vous atteindrez le village touristique de Kavros. Attention sur votre gauche. Juste apr\u00e8s  la station d\u2019essence BP vous tournez  \u00e0 gauche avec beaucoup d\u2019attention. Vous continuez  jusqu\u2019au premier carrefour, puis tournez \u00e0 gauche en direction de Dramia. Apr\u00e8s 1 km 1 vous atteindrez votre destination.<\/p>\n<p>&nbsp;<\/p>\n<p>&nbsp;<\/p>\n<div class=\"span6\">Google Maps Coordinates<br \/>\nLatitude : 35.343878<br \/>\nLongitude : 24.311329<\/p>\n<p>GPS Coordinates<br \/>\nLatitude : N 35 20.633<br \/>\nLongitude : E 24 18.680<\/p><\/div>\n<div class=\"span6\" style=\"float: right; margin: 0; text-align: right;\"><a href=\"https:\/\/www.google.com\/maps\/place\/Cretan+Mansion\/@35.342972,24.2922754,14z\/data=!4m2!3m1!1s0x0000000000000000:0xa12e98cc6dcc0b59?hl=fr\" target=\"_blank\"><img loading=\"lazy\" class=\"alignnone size-full wp-image-371\" src=\"http:\/\/cretanmansion.avatar.com.gr\/images\/Google-Maps-icon.png\" alt=\"Google-Maps-icon\" width=\"100\" height=\"100\" \/><\/a><\/div>\n<\/div>\n<\/div>\n<div id=\"homeside\" class=\"span3\"><\/div>\n<\/div>\n<p><!-- .row-fluid -->","protected":false},"excerpt":{"rendered":"<p>Localisation et itin\u00e9raire Il y a deux fa\u00e7ons d\u2019atteindre l\u2019\u00eele de Cr\u00e8te:: EN BATEAU: Du port du Pir\u00e9e : d\u00e9parts quotidiens vers Souda port de La Can\u00e9e ou vers le port d\u2019H\u00e9raklion. EN AVION: Il y a deux a\u00e9roports internationaux sur l\u2019\u00eele: \u00e0 La Can\u00e9e et \u00e0 H\u00e9raklion. DISTANCES A\u00e9roport de La Can\u00e9e: 50 km [&hellip;]<\/p>\n","protected":false},"author":2,"featured_media":0,"parent":0,"menu_order":0,"comment_status":"closed","ping_status":"open","template":"full-width.php","meta":[],"_links":{"self":[{"href":"https:\/\/cretanmansion.com\/fr\/wp-json\/wp\/v2\/pages\/341"}],"collection":[{"href":"https:\/\/cretanmansion.com\/fr\/wp-json\/wp\/v2\/pages"}],"about":[{"href":"https:\/\/cretanmansion.com\/fr\/wp-json\/wp\/v2\/types\/page"}],"author":[{"embeddable":true,"href":"https:\/\/cretanmansion.com\/fr\/wp-json\/wp\/v2\/users\/2"}],"replies":[{"embeddable":true,"href":"https:\/\/cretanmansion.com\/fr\/wp-json\/wp\/v2\/comments?post=341"}],"version-history":[{"count":53,"href":"https:\/\/cretanmansion.com\/fr\/wp-json\/wp\/v2\/pages\/341\/revisions"}],"predecessor-version":[{"id":1031,"href":"https:\/\/cretanmansion.com\/fr\/wp-json\/wp\/v2\/pages\/341\/revisions\/1031"}],"wp:attachment":[{"href":"https:\/\/cretanmansion.com\/fr\/wp-json\/wp\/v2\/media?parent=341"}],"curies":[{"name":"wp","href":"https:\/\/api.w.org\/{rel}","templated":true}]}}