{"id":1019,"date":"2016-11-16T15:36:49","date_gmt":"2016-11-16T15:36:49","guid":{"rendered":"http:\/\/cretanmansion.com\/?page_id=1019"},"modified":"2017-05-26T21:42:39","modified_gmt":"2017-05-26T21:42:39","slug":"welcome","status":"publish","type":"page","link":"https:\/\/cretanmansion.com\/fr\/welcome\/","title":{"rendered":"Bienvenue"},"content":{"rendered":"<div class=\"row-fluid\">\n<div id=\"homeside\" class=\"span2\"><\/div>\n<div id=\"homecenter\" class=\"span8 skewed\">\n<div class=\"unskewed\">\n<h4>Bienvenue \u00e0 Cretan Mansion<\/h4>\n<p>Notre Cretan Mansion est une villa moderne de 5 chambres. Situ\u00e9 dans le village de Apokoronas Dramia, pr\u00e8s de la Kavros touristique, \u00e0 seulement cinq cents m\u00e8tres de la plage de sable de Georgioupolis &#8211; Episkopis, dans les contreforts des Lefka Ori (Montagnes Blanches) \u00e0 l\u2019extr\u00e9mit\u00e9 nord de la pr\u00e9fecture de Chania.<\/p>\n<p>Il a \u00e9t\u00e9 construit en 2006 avec un design simple et moderne, donc aux clients de profiter des vacances relaxantes et agr\u00e9ables. Les chambres du manoir sont simples et la d\u00e9coration fonctionnelle. Les 5 chambres enti\u00e8rement \u00e9quip\u00e9es et spacieuses, toutes avec salle de bain priv\u00e9e. Les salons, salles \u00e0 manger, les cuisines sont \u00e9quip\u00e9es avec tout le n\u00e9cessaire pour un s\u00e9jour confortable.<\/p>\n<p>Les jardins du manoir sont entour\u00e9s de cl\u00f4tures en pierre pleine de fleurs, arbres fruitiers et de lauriers roses blanches. Nagez dans la piscine priv\u00e9e. Profitez de votre caf\u00e9 ou votre boisson \u00e0 l\u2019une des terrasses de notre manoir surplombant les Lefka Ori et la plage de sable de Georgioupolis.<\/p>\n<p>Tout en admirant la vall\u00e9e pleine d\u2019oliviers du village odeurs de romarin, de lavande et la menthe poivr\u00e9e vous d\u00e9tendre, vous entourant avec un r\u00eave du parfum naturel de la terre cr\u00e9toise.\n<\/p><\/div>\n<\/div>\n<div id=\"homeside\" class=\"span2\"><\/div>\n<\/div>\n<p><!-- .row-fluid -->","protected":false},"excerpt":{"rendered":"<p>Bienvenue \u00e0 Cretan Mansion Notre Cretan Mansion est une villa moderne de 5 chambres. Situ\u00e9 dans le village de Apokoronas Dramia, pr\u00e8s de la Kavros touristique, \u00e0 seulement cinq cents m\u00e8tres de la plage de sable de Georgioupolis &#8211; Episkopis, dans les contreforts des Lefka Ori (Montagnes Blanches) \u00e0 l\u2019extr\u00e9mit\u00e9 nord de la pr\u00e9fecture de [&hellip;]<\/p>\n","protected":false},"author":2,"featured_media":0,"parent":0,"menu_order":0,"comment_status":"closed","ping_status":"closed","template":"full-width.php","meta":[],"_links":{"self":[{"href":"https:\/\/cretanmansion.com\/fr\/wp-json\/wp\/v2\/pages\/1019"}],"collection":[{"href":"https:\/\/cretanmansion.com\/fr\/wp-json\/wp\/v2\/pages"}],"about":[{"href":"https:\/\/cretanmansion.com\/fr\/wp-json\/wp\/v2\/types\/page"}],"author":[{"embeddable":true,"href":"https:\/\/cretanmansion.com\/fr\/wp-json\/wp\/v2\/users\/2"}],"replies":[{"embeddable":true,"href":"https:\/\/cretanmansion.com\/fr\/wp-json\/wp\/v2\/comments?post=1019"}],"version-history":[{"count":7,"href":"https:\/\/cretanmansion.com\/fr\/wp-json\/wp\/v2\/pages\/1019\/revisions"}],"predecessor-version":[{"id":1026,"href":"https:\/\/cretanmansion.com\/fr\/wp-json\/wp\/v2\/pages\/1019\/revisions\/1026"}],"wp:attachment":[{"href":"https:\/\/cretanmansion.com\/fr\/wp-json\/wp\/v2\/media?parent=1019"}],"curies":[{"name":"wp","href":"https:\/\/api.w.org\/{rel}","templated":true}]}}