{"id":648,"date":"2015-11-23T16:00:51","date_gmt":"2015-11-23T16:00:51","guid":{"rendered":"http:\/\/cretanmansion.avatar.com.gr\/?page_id=648"},"modified":"2016-01-22T14:30:54","modified_gmt":"2016-01-22T14:30:54","slug":"%ce%b5%ce%bb%ce%bb%ce%b7%ce%bd%ce%b9%ce%ba%ce%ac-m%cf%80%ce%b1%cf%81-%ce%ba%ce%b1%ce%b9-%cf%84%cf%81%ce%b1%cf%80%ce%b5%ce%b6%ce%b1%cf%81%ce%af%ce%b1","status":"publish","type":"page","link":"https:\/\/cretanmansion.com\/de\/%ce%b5%ce%bb%ce%bb%ce%b7%ce%bd%ce%b9%ce%ba%ce%ac-m%cf%80%ce%b1%cf%81-%ce%ba%ce%b1%ce%b9-%cf%84%cf%81%ce%b1%cf%80%ce%b5%ce%b6%ce%b1%cf%81%ce%af%ce%b1\/","title":{"rendered":"Unser Dorf"},"content":{"rendered":"<div class=\"row-fluid\">\n<div id=\"homeside\" class=\"span2\"><\/div>\n<div class=\"span8 skewed\">\n<div class=\"unskewed\">\n<h4>Unser Dorf<\/h4>\n<p>Dramia ist ein kleines, ruhiges Dorf mit circa 250 Einwohnern, administrativ geh\u00f6rt es zur Gemeinde von Apokoronas. Es liegt idyllisch zwischen Olivenhainen und bietet einen Ausblick \u00fcber die Ebene von Kournas.<\/p>\n<p>Vom Haus haben Sie einen fantastischen Blick auf das Meer und die hohen Gipfel der Wei\u00dfen Berge. Das Grundst\u00fcck liegt auf den Kefalas H\u00fcgeln \u2013 bis nach Episkopi, dem l\u00e4ngsten Sandstrand im Norden von Kreta sind es nur 500 Meter.<\/p>\n<p>Die Gegend ist seit mindestens 3000 Jahren konstant besiedelt. Auf dem Gebiet von Dramia wurden \u00dcberreste der antiken Stadt Hydramia gefunden. Es war der Hafen, der weiter s\u00fcdlich im Binnenland gelegenen, antiken Stadt Lappa, dem heutigen Argyroupolis. Zahlreiche r\u00f6mische Keramiken, die nackte Statue des Herkules, ein Larnax und viele weitere Funde sind heute im Arch\u00e4ologischen Museum in Chania ausgestellt.<\/p>\n<p>Dramia ist der ideale Standort f\u00fcr die Erkundung und Tracking-Touren ins Umland und benachbarte Regionen. Von hier aus ist es nur 18 km bis ins malerische Rethymno oder 43 km nach dem kosmopolitischen Chania. Ganz in der N\u00e4he befindet sich der einzige nat\u00fcrliche See auf Kreta, in nur 1km Entfernung liegt Kavros, ein touristisches Gebiet mit vielen Restaurants, Cafes, Bars, Superm\u00e4rkten und Souvenierl\u00e4den.<br \/>\nIn den letzten 20 Jahren, durchgehend von 1992 bis heute, wurden die Str\u00e4nde der Umgebung mit der Blauen Flagge von der Europ\u00e4ischen Union ausgezeichnet.<br \/>\nEin h\u00e4ufig verkehrendes Busnetz verbindet Dramia mit Chania, Rethymnon und Heraklion. Bis zum Flughafen Chania sind es 50km, 100 km zum Flughafen in Heraklion.<\/p>\n<p>Die Umgebung ist einzigartig und sehr vielseitig. Erkunden Sie Vamos, die Hauptstadt des Bezirkes Apokoronas, eine Stadt inmitten von Pinien \u2013 malerisch am Hang gelegen. Verbringen Sie einen Nachmittag in den Bergen der Akrotiri-Halbinsel und besuchen Sie die alten Kl\u00f6ster, die f\u00fcr ihre byzantinische Architektur bekannt sind. Geniessen Sie einen Ausflug und Abstieg in die Samaria-Schlucht, erleben Sie die Str\u00e4nde im S\u00fcden Kretas, das Libysche Meer und Orte wie Rodakino, Plakias oder Ammoudi sind nur eine halbe Stunde mit dem Auto entfernt. Besuchen Sie das Kloster Preveli \u2013 von hier aus ist es ein Katzensprung bis zum wundersch\u00f6nen palmenbestandenen Strand. Oder machen Sie einen Ausflug zur Insel Gavdos, dem s\u00fcdlichsten Punkt Europas. Sie sehen \u2013 die Lage auf Kreta ist perfekt \u2013 die Insel ist sehr abwechslungsreich und bietet viele M\u00f6glichkeiten.\n<\/p><\/div>\n<\/div>\n<div id=\"homeside\" class=\"span2\"><\/div>\n<\/div>\n<p><!-- .row-fluid --><\/p>","protected":false},"excerpt":{"rendered":"<p>Unser Dorf Dramia ist ein kleines, ruhiges Dorf mit circa 250 Einwohnern, administrativ geh\u00f6rt es zur Gemeinde von Apokoronas. Es liegt idyllisch zwischen Olivenhainen und bietet einen Ausblick \u00fcber die Ebene von Kournas. Vom Haus haben Sie einen fantastischen Blick auf das Meer und die hohen Gipfel der Wei\u00dfen Berge. Das Grundst\u00fcck liegt auf den [&hellip;]<\/p>\n","protected":false},"author":2,"featured_media":0,"parent":0,"menu_order":0,"comment_status":"closed","ping_status":"closed","template":"full-width.php","meta":[],"_links":{"self":[{"href":"https:\/\/cretanmansion.com\/de\/wp-json\/wp\/v2\/pages\/648"}],"collection":[{"href":"https:\/\/cretanmansion.com\/de\/wp-json\/wp\/v2\/pages"}],"about":[{"href":"https:\/\/cretanmansion.com\/de\/wp-json\/wp\/v2\/types\/page"}],"author":[{"embeddable":true,"href":"https:\/\/cretanmansion.com\/de\/wp-json\/wp\/v2\/users\/2"}],"replies":[{"embeddable":true,"href":"https:\/\/cretanmansion.com\/de\/wp-json\/wp\/v2\/comments?post=648"}],"version-history":[{"count":6,"href":"https:\/\/cretanmansion.com\/de\/wp-json\/wp\/v2\/pages\/648\/revisions"}],"predecessor-version":[{"id":854,"href":"https:\/\/cretanmansion.com\/de\/wp-json\/wp\/v2\/pages\/648\/revisions\/854"}],"wp:attachment":[{"href":"https:\/\/cretanmansion.com\/de\/wp-json\/wp\/v2\/media?parent=648"}],"curies":[{"name":"wp","href":"https:\/\/api.w.org\/{rel}","templated":true}]}}