{"id":341,"date":"2015-03-09T15:20:22","date_gmt":"2015-03-09T15:20:22","guid":{"rendered":"http:\/\/cretanmansion.avatar.com.gr\/?page_id=341"},"modified":"2016-11-16T18:09:22","modified_gmt":"2016-11-16T18:09:22","slug":"location-directions","status":"publish","type":"page","link":"https:\/\/cretanmansion.com\/de\/location-directions\/","title":{"rendered":"Lage und Anfahrt"},"content":{"rendered":"<div class=\"row-fluid\">\n<div id=\"homeside\" class=\"span3\"><\/div>\n<div id=\"homecenter\" class=\"span8 skewed\">\n<div class=\"unskewed\">\n<h4>Lage und Anfahrt<\/h4>\n<p>Es gibt zwei M\u00f6glichkeiten Kreta zu erreichen:<br \/>\nMIT DEM SCHIFF: Von Pir\u00e4us, t\u00e4gliche Abfahrten nach Souda Hafen (Chania) oder nach Heraklion.<br \/>\nMIT DEM FLUGZEUG: Es gibt zwei internationale Flugh\u00e4fen auf der Insel: in Chania und in Heraklion.<\/p>\n<p>ENTFERNUNGEN<br \/>\nChania Flughafen: 50 km (45 min).<br \/>\nChania Hafen (Souda): 25 km (20 min).<br \/>\nHeraklion Hafen oder Flughafen: 100 km (70 min).<\/p>\n<p>ANFAHRT<br \/>\nF\u00fcr GPS: Suchen Sie Dramia oder Dramia Georgioupolis und folgen Sie Ihren GPS Richtung (35 \u00ba 20 \u201937 \u201c&#038; 24 \u00ba 18\u2032 41\u2033).<\/p>\n<p>Von Chania Flughafen oder Souda Hafen: Folgen Sie der Beschilderung zur Schnellstrasse in Richtung Rethymno. Etwa 5km nach Georgioupoli erreichen Sie Kavros und biegen vor der BP-Tankstelle rechts ab. Fahren Sie bis zur ersten Kreuzung und biegen Sie dann links ab und folgen dem Schild nach Dramia. Nach circa 1km erreichen Sie die Villa.<br \/>\nVom Flughafen oder Hafen von Heraklion: Folgen Sie der Beschilderung zur Schnellstrasse in Richtung Rethymno \u2013 Chania. Fahren Sie an Rethymno vorbei, nach der Ausfahrt Episkopi verringern Sie Ihre Geschwindigkeit. 6 km sp\u00e4ter erreichen Sie das Dorf Kavros. Biegen Sie nach der BP-Tankstelle links ab. Fahren Sie bis zur ersten Kreuzung und biegen Sie dann links ab und folgen dem Schild nach Dramia. Nach 1 mehr km erreichen Sie Ihr Ziel.<\/p>\n<p>&nbsp;<\/p>\n<p>&nbsp;<\/p>\n<div class=\"span6\">Google Maps Koordinaten<br \/>\nLatitude : 35.343878<br \/>\nLongitude : 24.311329<\/p>\n<p>GPS Koordinaten<br \/>\nLatitude : N 35 20.633<br \/>\nLongitude : E 24 18.680<\/p><\/div>\n<div class=\"span6\" style=\"float: right; margin: 0; text-align: right;\"><a href=\"https:\/\/www.google.com\/maps\/place\/Cretan+Mansion\/@35.342972,24.2922754,14z\/data=!4m2!3m1!1s0x0000000000000000:0xa12e98cc6dcc0b59?hl=de\" target=\"_blank\"><img loading=\"lazy\" class=\"alignnone size-full wp-image-371\" src=\"http:\/\/cretanmansion.avatar.com.gr\/images\/Google-Maps-icon.png\" alt=\"Google-Maps-icon\" width=\"100\" height=\"100\" \/><\/a><\/div>\n<\/div>\n<\/div>\n<div id=\"homeside\" class=\"span3\"><\/div>\n<\/div>\n<p><!-- .row-fluid -->","protected":false},"excerpt":{"rendered":"<p>Lage und Anfahrt Es gibt zwei M\u00f6glichkeiten Kreta zu erreichen: MIT DEM SCHIFF: Von Pir\u00e4us, t\u00e4gliche Abfahrten nach Souda Hafen (Chania) oder nach Heraklion. MIT DEM FLUGZEUG: Es gibt zwei internationale Flugh\u00e4fen auf der Insel: in Chania und in Heraklion. ENTFERNUNGEN Chania Flughafen: 50 km (45 min). Chania Hafen (Souda): 25 km (20 min). Heraklion [&hellip;]<\/p>\n","protected":false},"author":2,"featured_media":0,"parent":0,"menu_order":0,"comment_status":"closed","ping_status":"open","template":"full-width.php","meta":[],"_links":{"self":[{"href":"https:\/\/cretanmansion.com\/de\/wp-json\/wp\/v2\/pages\/341"}],"collection":[{"href":"https:\/\/cretanmansion.com\/de\/wp-json\/wp\/v2\/pages"}],"about":[{"href":"https:\/\/cretanmansion.com\/de\/wp-json\/wp\/v2\/types\/page"}],"author":[{"embeddable":true,"href":"https:\/\/cretanmansion.com\/de\/wp-json\/wp\/v2\/users\/2"}],"replies":[{"embeddable":true,"href":"https:\/\/cretanmansion.com\/de\/wp-json\/wp\/v2\/comments?post=341"}],"version-history":[{"count":53,"href":"https:\/\/cretanmansion.com\/de\/wp-json\/wp\/v2\/pages\/341\/revisions"}],"predecessor-version":[{"id":1031,"href":"https:\/\/cretanmansion.com\/de\/wp-json\/wp\/v2\/pages\/341\/revisions\/1031"}],"wp:attachment":[{"href":"https:\/\/cretanmansion.com\/de\/wp-json\/wp\/v2\/media?parent=341"}],"curies":[{"name":"wp","href":"https:\/\/api.w.org\/{rel}","templated":true}]}}